{"id":642,"date":"2021-07-14T12:26:41","date_gmt":"2021-07-14T10:26:41","guid":{"rendered":"https:\/\/saveursgourmandes-marignane.com\/?post_type=product&#038;p=642"},"modified":"2025-10-01T08:36:02","modified_gmt":"2025-10-01T06:36:02","slug":"traiteur-caillette","status":"publish","type":"product","link":"https:\/\/saveursgourmandes-marignane.com\/index.php\/produit\/traiteur-caillette\/","title":{"rendered":"Caillettes"},"content":{"rendered":"<p>Les caillettes se d\u00e9gustent froides ou ti\u00e8des. Nous conseillons de les consommer comme une charcuterie avec du bon pain de campagne, mais elles peuvent s&rsquo;accompagner de salade ou de pommes de terre vapeur.<\/p>\n","protected":false},"excerpt":{"rendered":"<p>C&rsquo;est la recette classique et ancestrale des caillettes ard\u00e9choise. Elles sont compos\u00e9es de gorge et foie de porc, ainsi que d&rsquo;un subtil m\u00e9lange de blettes, \u00e9pinards et herbes aromatiques.<\/p>\n<p>Une charcuterie aux notes v\u00e9g\u00e9tales.<\/p>\n","protected":false},"featured_media":923,"template":"","meta":{"ocean_post_layout":"","ocean_both_sidebars_style":"","ocean_both_sidebars_content_width":0,"ocean_both_sidebars_sidebars_width":0,"ocean_sidebar":"0","ocean_second_sidebar":"0","ocean_disable_margins":"enable","ocean_add_body_class":"","ocean_shortcode_before_top_bar":"","ocean_shortcode_after_top_bar":"","ocean_shortcode_before_header":"","ocean_shortcode_after_header":"","ocean_has_shortcode":"","ocean_shortcode_after_title":"","ocean_shortcode_before_footer_widgets":"","ocean_shortcode_after_footer_widgets":"","ocean_shortcode_before_footer_bottom":"","ocean_shortcode_after_footer_bottom":"","ocean_display_top_bar":"default","ocean_display_header":"default","ocean_header_style":"","ocean_center_header_left_menu":"0","ocean_custom_header_template":"0","ocean_custom_logo":0,"ocean_custom_retina_logo":0,"ocean_custom_logo_max_width":0,"ocean_custom_logo_tablet_max_width":0,"ocean_custom_logo_mobile_max_width":0,"ocean_custom_logo_max_height":0,"ocean_custom_logo_tablet_max_height":0,"ocean_custom_logo_mobile_max_height":0,"ocean_header_custom_menu":"0","ocean_menu_typo_font_family":"0","ocean_menu_typo_font_subset":"","ocean_menu_typo_font_size":0,"ocean_menu_typo_font_size_tablet":0,"ocean_menu_typo_font_size_mobile":0,"ocean_menu_typo_font_size_unit":"px","ocean_menu_typo_font_weight":"","ocean_menu_typo_font_weight_tablet":"","ocean_menu_typo_font_weight_mobile":"","ocean_menu_typo_transform":"","ocean_menu_typo_transform_tablet":"","ocean_menu_typo_transform_mobile":"","ocean_menu_typo_line_height":0,"ocean_menu_typo_line_height_tablet":0,"ocean_menu_typo_line_height_mobile":0,"ocean_menu_typo_line_height_unit":"","ocean_menu_typo_spacing":0,"ocean_menu_typo_spacing_tablet":0,"ocean_menu_typo_spacing_mobile":0,"ocean_menu_typo_spacing_unit":"","ocean_menu_link_color":"","ocean_menu_link_color_hover":"","ocean_menu_link_color_active":"","ocean_menu_link_background":"","ocean_menu_link_hover_background":"","ocean_menu_link_active_background":"","ocean_menu_social_links_bg":"","ocean_menu_social_hover_links_bg":"","ocean_menu_social_links_color":"","ocean_menu_social_hover_links_color":"","ocean_disable_title":"on","ocean_disable_heading":"default","ocean_post_title":"","ocean_post_subheading":"","ocean_post_title_style":"","ocean_post_title_background_color":"","ocean_post_title_background":0,"ocean_post_title_bg_image_position":"","ocean_post_title_bg_image_attachment":"","ocean_post_title_bg_image_repeat":"","ocean_post_title_bg_image_size":"","ocean_post_title_height":0,"ocean_post_title_bg_overlay":0.5,"ocean_post_title_bg_overlay_color":"","ocean_disable_breadcrumbs":"default","ocean_breadcrumbs_color":"","ocean_breadcrumbs_separator_color":"","ocean_breadcrumbs_links_color":"","ocean_breadcrumbs_links_hover_color":"","ocean_display_footer_widgets":"default","ocean_display_footer_bottom":"default","ocean_custom_footer_template":"0","omw_enable_modal_window":"enable"},"product_cat":[45],"product_tag":[],"yoast_head":"<!-- This site is optimized with the Yoast SEO plugin v23.1 - https:\/\/yoast.com\/wordpress\/plugins\/seo\/ -->\n<title>Caillette - Recette artisanale | Saveurs Gourmandes - Traiteur \u00e0 Marignane<\/title>\n<meta name=\"robots\" content=\"index, follow, max-snippet:-1, max-image-preview:large, max-video-preview:-1\" \/>\n<link rel=\"canonical\" href=\"https:\/\/saveursgourmandes-marignane.com\/index.php\/produit\/traiteur-caillette\/\" \/>\n<meta property=\"og:locale\" content=\"fr_FR\" \/>\n<meta property=\"og:type\" content=\"article\" \/>\n<meta property=\"og:title\" content=\"Caillette - Recette artisanale | Saveurs Gourmandes - Traiteur \u00e0 Marignane\" \/>\n<meta property=\"og:description\" content=\"C&#039;est la recette classique et ancestrale des caillettes ard\u00e9choise. Elles sont compos\u00e9es de gorge et foie de porc, ainsi que d&#039;un subtil m\u00e9lange de blettes, \u00e9pinards et herbes aromatiques.  Une charcuterie aux notes v\u00e9g\u00e9tales.\" \/>\n<meta property=\"og:url\" content=\"https:\/\/saveursgourmandes-marignane.com\/index.php\/produit\/traiteur-caillette\/\" \/>\n<meta property=\"og:site_name\" content=\"Saveurs Gourmandes - Marignane\" \/>\n<meta property=\"article:modified_time\" content=\"2025-10-01T06:36:02+00:00\" \/>\n<meta property=\"og:image\" content=\"https:\/\/saveursgourmandes-marignane.com\/wp-content\/uploads\/2021\/07\/caillettes-petites-new.jpg\" \/>\n\t<meta property=\"og:image:width\" content=\"600\" \/>\n\t<meta property=\"og:image:height\" content=\"600\" \/>\n\t<meta property=\"og:image:type\" content=\"image\/jpeg\" \/>\n<meta name=\"twitter:card\" content=\"summary_large_image\" \/>\n<meta name=\"twitter:label1\" content=\"Dur\u00e9e de lecture estim\u00e9e\" \/>\n\t<meta name=\"twitter:data1\" content=\"1 minute\" \/>\n<script type=\"application\/ld+json\" class=\"yoast-schema-graph\">{\"@context\":\"https:\/\/schema.org\",\"@graph\":[{\"@type\":\"WebPage\",\"@id\":\"https:\/\/saveursgourmandes-marignane.com\/index.php\/produit\/traiteur-caillette\/\",\"url\":\"https:\/\/saveursgourmandes-marignane.com\/index.php\/produit\/traiteur-caillette\/\",\"name\":\"Caillette - Recette artisanale | Saveurs Gourmandes - Traiteur \u00e0 Marignane\",\"isPartOf\":{\"@id\":\"https:\/\/saveursgourmandes-marignane.com\/#website\"},\"primaryImageOfPage\":{\"@id\":\"https:\/\/saveursgourmandes-marignane.com\/index.php\/produit\/traiteur-caillette\/#primaryimage\"},\"image\":{\"@id\":\"https:\/\/saveursgourmandes-marignane.com\/index.php\/produit\/traiteur-caillette\/#primaryimage\"},\"thumbnailUrl\":\"https:\/\/saveursgourmandes-marignane.com\/wp-content\/uploads\/2021\/07\/caillettes-petites-new.jpg\",\"datePublished\":\"2021-07-14T10:26:41+00:00\",\"dateModified\":\"2025-10-01T06:36:02+00:00\",\"breadcrumb\":{\"@id\":\"https:\/\/saveursgourmandes-marignane.com\/index.php\/produit\/traiteur-caillette\/#breadcrumb\"},\"inLanguage\":\"fr-FR\",\"potentialAction\":[{\"@type\":\"ReadAction\",\"target\":[\"https:\/\/saveursgourmandes-marignane.com\/index.php\/produit\/traiteur-caillette\/\"]}]},{\"@type\":\"ImageObject\",\"inLanguage\":\"fr-FR\",\"@id\":\"https:\/\/saveursgourmandes-marignane.com\/index.php\/produit\/traiteur-caillette\/#primaryimage\",\"url\":\"https:\/\/saveursgourmandes-marignane.com\/wp-content\/uploads\/2021\/07\/caillettes-petites-new.jpg\",\"contentUrl\":\"https:\/\/saveursgourmandes-marignane.com\/wp-content\/uploads\/2021\/07\/caillettes-petites-new.jpg\",\"width\":600,\"height\":600,\"caption\":\"Caillettes Petites\"},{\"@type\":\"BreadcrumbList\",\"@id\":\"https:\/\/saveursgourmandes-marignane.com\/index.php\/produit\/traiteur-caillette\/#breadcrumb\",\"itemListElement\":[{\"@type\":\"ListItem\",\"position\":1,\"name\":\"Accueil\",\"item\":\"https:\/\/saveursgourmandes-marignane.com\/\"},{\"@type\":\"ListItem\",\"position\":2,\"name\":\"Boutique\",\"item\":\"https:\/\/saveursgourmandes-marignane.com\/index.php\/boutique\/\"},{\"@type\":\"ListItem\",\"position\":3,\"name\":\"Caillettes\"}]},{\"@type\":\"WebSite\",\"@id\":\"https:\/\/saveursgourmandes-marignane.com\/#website\",\"url\":\"https:\/\/saveursgourmandes-marignane.com\/\",\"name\":\"Saveurs Gourmandes - Marignane\",\"description\":\"Traiteur, charcutier, fumaison artisanale\",\"publisher\":{\"@id\":\"https:\/\/saveursgourmandes-marignane.com\/#organization\"},\"potentialAction\":[{\"@type\":\"SearchAction\",\"target\":{\"@type\":\"EntryPoint\",\"urlTemplate\":\"https:\/\/saveursgourmandes-marignane.com\/?s={search_term_string}\"},\"query-input\":\"required name=search_term_string\"}],\"inLanguage\":\"fr-FR\"},{\"@type\":\"Organization\",\"@id\":\"https:\/\/saveursgourmandes-marignane.com\/#organization\",\"name\":\"Saveurs Gourmandes - Marignane\",\"url\":\"https:\/\/saveursgourmandes-marignane.com\/\",\"logo\":{\"@type\":\"ImageObject\",\"inLanguage\":\"fr-FR\",\"@id\":\"https:\/\/saveursgourmandes-marignane.com\/#\/schema\/logo\/image\/\",\"url\":\"https:\/\/saveursgourmandes-marignane.com\/wp-content\/uploads\/2024\/11\/logo-SG-violet-et-rose.png\",\"contentUrl\":\"https:\/\/saveursgourmandes-marignane.com\/wp-content\/uploads\/2024\/11\/logo-SG-violet-et-rose.png\",\"width\":1000,\"height\":400,\"caption\":\"Saveurs Gourmandes - Marignane\"},\"image\":{\"@id\":\"https:\/\/saveursgourmandes-marignane.com\/#\/schema\/logo\/image\/\"}}]}<\/script>\n<!-- \/ Yoast SEO plugin. -->","yoast_head_json":{"title":"Caillette - Recette artisanale | Saveurs Gourmandes - Traiteur \u00e0 Marignane","robots":{"index":"index","follow":"follow","max-snippet":"max-snippet:-1","max-image-preview":"max-image-preview:large","max-video-preview":"max-video-preview:-1"},"canonical":"https:\/\/saveursgourmandes-marignane.com\/index.php\/produit\/traiteur-caillette\/","og_locale":"fr_FR","og_type":"article","og_title":"Caillette - Recette artisanale | Saveurs Gourmandes - Traiteur \u00e0 Marignane","og_description":"C'est la recette classique et ancestrale des caillettes ard\u00e9choise. Elles sont compos\u00e9es de gorge et foie de porc, ainsi que d'un subtil m\u00e9lange de blettes, \u00e9pinards et herbes aromatiques.  Une charcuterie aux notes v\u00e9g\u00e9tales.","og_url":"https:\/\/saveursgourmandes-marignane.com\/index.php\/produit\/traiteur-caillette\/","og_site_name":"Saveurs Gourmandes - Marignane","article_modified_time":"2025-10-01T06:36:02+00:00","og_image":[{"width":600,"height":600,"url":"https:\/\/saveursgourmandes-marignane.com\/wp-content\/uploads\/2021\/07\/caillettes-petites-new.jpg","type":"image\/jpeg"}],"twitter_card":"summary_large_image","twitter_misc":{"Dur\u00e9e de lecture estim\u00e9e":"1 minute"},"schema":{"@context":"https:\/\/schema.org","@graph":[{"@type":"WebPage","@id":"https:\/\/saveursgourmandes-marignane.com\/index.php\/produit\/traiteur-caillette\/","url":"https:\/\/saveursgourmandes-marignane.com\/index.php\/produit\/traiteur-caillette\/","name":"Caillette - Recette artisanale | Saveurs Gourmandes - Traiteur \u00e0 Marignane","isPartOf":{"@id":"https:\/\/saveursgourmandes-marignane.com\/#website"},"primaryImageOfPage":{"@id":"https:\/\/saveursgourmandes-marignane.com\/index.php\/produit\/traiteur-caillette\/#primaryimage"},"image":{"@id":"https:\/\/saveursgourmandes-marignane.com\/index.php\/produit\/traiteur-caillette\/#primaryimage"},"thumbnailUrl":"https:\/\/saveursgourmandes-marignane.com\/wp-content\/uploads\/2021\/07\/caillettes-petites-new.jpg","datePublished":"2021-07-14T10:26:41+00:00","dateModified":"2025-10-01T06:36:02+00:00","breadcrumb":{"@id":"https:\/\/saveursgourmandes-marignane.com\/index.php\/produit\/traiteur-caillette\/#breadcrumb"},"inLanguage":"fr-FR","potentialAction":[{"@type":"ReadAction","target":["https:\/\/saveursgourmandes-marignane.com\/index.php\/produit\/traiteur-caillette\/"]}]},{"@type":"ImageObject","inLanguage":"fr-FR","@id":"https:\/\/saveursgourmandes-marignane.com\/index.php\/produit\/traiteur-caillette\/#primaryimage","url":"https:\/\/saveursgourmandes-marignane.com\/wp-content\/uploads\/2021\/07\/caillettes-petites-new.jpg","contentUrl":"https:\/\/saveursgourmandes-marignane.com\/wp-content\/uploads\/2021\/07\/caillettes-petites-new.jpg","width":600,"height":600,"caption":"Caillettes Petites"},{"@type":"BreadcrumbList","@id":"https:\/\/saveursgourmandes-marignane.com\/index.php\/produit\/traiteur-caillette\/#breadcrumb","itemListElement":[{"@type":"ListItem","position":1,"name":"Accueil","item":"https:\/\/saveursgourmandes-marignane.com\/"},{"@type":"ListItem","position":2,"name":"Boutique","item":"https:\/\/saveursgourmandes-marignane.com\/index.php\/boutique\/"},{"@type":"ListItem","position":3,"name":"Caillettes"}]},{"@type":"WebSite","@id":"https:\/\/saveursgourmandes-marignane.com\/#website","url":"https:\/\/saveursgourmandes-marignane.com\/","name":"Saveurs Gourmandes - Marignane","description":"Traiteur, charcutier, fumaison artisanale","publisher":{"@id":"https:\/\/saveursgourmandes-marignane.com\/#organization"},"potentialAction":[{"@type":"SearchAction","target":{"@type":"EntryPoint","urlTemplate":"https:\/\/saveursgourmandes-marignane.com\/?s={search_term_string}"},"query-input":"required name=search_term_string"}],"inLanguage":"fr-FR"},{"@type":"Organization","@id":"https:\/\/saveursgourmandes-marignane.com\/#organization","name":"Saveurs Gourmandes - Marignane","url":"https:\/\/saveursgourmandes-marignane.com\/","logo":{"@type":"ImageObject","inLanguage":"fr-FR","@id":"https:\/\/saveursgourmandes-marignane.com\/#\/schema\/logo\/image\/","url":"https:\/\/saveursgourmandes-marignane.com\/wp-content\/uploads\/2024\/11\/logo-SG-violet-et-rose.png","contentUrl":"https:\/\/saveursgourmandes-marignane.com\/wp-content\/uploads\/2024\/11\/logo-SG-violet-et-rose.png","width":1000,"height":400,"caption":"Saveurs Gourmandes - Marignane"},"image":{"@id":"https:\/\/saveursgourmandes-marignane.com\/#\/schema\/logo\/image\/"}}]}},"jetpack_sharing_enabled":true,"_links":{"self":[{"href":"https:\/\/saveursgourmandes-marignane.com\/index.php\/wp-json\/wp\/v2\/product\/642"}],"collection":[{"href":"https:\/\/saveursgourmandes-marignane.com\/index.php\/wp-json\/wp\/v2\/product"}],"about":[{"href":"https:\/\/saveursgourmandes-marignane.com\/index.php\/wp-json\/wp\/v2\/types\/product"}],"wp:featuredmedia":[{"embeddable":true,"href":"https:\/\/saveursgourmandes-marignane.com\/index.php\/wp-json\/wp\/v2\/media\/923"}],"wp:attachment":[{"href":"https:\/\/saveursgourmandes-marignane.com\/index.php\/wp-json\/wp\/v2\/media?parent=642"}],"wp:term":[{"taxonomy":"product_cat","embeddable":true,"href":"https:\/\/saveursgourmandes-marignane.com\/index.php\/wp-json\/wp\/v2\/product_cat?post=642"},{"taxonomy":"product_tag","embeddable":true,"href":"https:\/\/saveursgourmandes-marignane.com\/index.php\/wp-json\/wp\/v2\/product_tag?post=642"}],"curies":[{"name":"wp","href":"https:\/\/api.w.org\/{rel}","templated":true}]}}